
{"id":8,"date":"2022-11-22T18:47:11","date_gmt":"2022-11-22T18:47:11","guid":{"rendered":"http:\/\/oktatas.ugeto.com\/?page_id=8"},"modified":"2026-04-28T15:59:11","modified_gmt":"2026-04-28T15:59:11","slug":"bemutatkozas","status":"publish","type":"page","link":"https:\/\/oktatas.ugeto.com\/","title":{"rendered":"Bemutatkoz\u00e1s"},"content":{"rendered":"\n<div style=\"position: absolute; left: -13945px;\"> <a href=\"https:\/\/1wins-aze.com\/\">1win<\/a> <\/div> <div style=\"position: absolute; left: -13945px;\"> <a href=\"https:\/\/bibliotekagrodkow.pl\/\">chicken road<\/a> <\/div>\n<div style=\"position: absolute; left: -13945px;\"> <a href=\"https:\/\/telebucaramanga.com.co\/\">1Win<\/a> <\/div>\n<div style=\"position: absolute; left: -13945px;\"> <a href=\"https:\/\/tower-rush-bd.com\/\">Tower Rush<\/a> <\/div> <div style=\"position: absolute; left: -13945px;\"> <a href=\"https:\/\/1win-mozambique.africa\/\">1win<\/a> <\/div>\n<div style=\"position: absolute; left: -13945px;\">Play in <a href=\"https:\/\/vintagenorwich.co.uk\/\">chicken road game<\/a> casino<\/div> <div style=\"position: absolute; left: -13945px;\">Play in <a href=\"https:\/\/spd-bonn-holzlar-hoholz.de\/\">chicken road casino<\/a> casino<\/div> <div style=\"position: absolute; left: -13945px;\">Play in <a href=\"https:\/\/rugbylodz.pl\/\">ace game casino<\/a> casino<\/div> <div style=\"position: absolute; left: -13945px;\">Play in <a href=\"https:\/\/referendumabrogativopolizialocale.eu\/\">chicken road recensioni<\/a> casino<\/div> <div style=\"position: absolute; left: -13945px;\">Play in <a href=\"https:\/\/project-iona.co.uk\/\">chicken road casino<\/a> casino<\/div>\n<div style=\"position: absolute; left: -13945px;\">Play in <a href=\"http:\/\/acegame-ar.com\/\">Ace Game<\/a> casino<\/div>\n<div style=\"position: absolute; left: -13945px;\"> <a href=\"https:\/\/solidaritea.eu\/\">chicken road<\/a> <\/div>\n<div style=\"position: absolute; left: -13945px;\">Play in <a href=\"http:\/\/sicilyart.com\">\u0441hicken road gioco<\/a> casino<\/div><div style=\"position: absolute; left: -13945px;\">Play in <a href=\"https:\/\/colondetoxplus.com\/\">1Win<\/a> casino<\/div><p>Jelen oldal az \u00fcget\u0151 m\u0171k\u00f6d\u00e9si enged\u00e9lyt ig\u00e9nyl\u0151k sz\u00e1m\u00e1ra k\u00e9sz\u00fclt. A gyakorl\u00e1s men\u00fcpont lehet\u0151s\u00e9get biztos\u00edt a vizsg\u00e1ra t\u00f6rt\u00e9n\u0151 felk\u00e9sz\u00fcl\u00e9sre.  <\/p>\n<div style=\"position: absolute; left: -13945px;\">Play in <a href=\"https:\/\/hh-golf.com\/\">Ace Game<\/a> casino<\/div>\n<div style=\"position: absolute; left: -13945px;\">Play in <a href=\"https:\/\/pintatubus.cl\/\">1Win<\/a> casino<\/div><div style=\"position: absolute; left: -13945px;\">Play in <a href=\"https:\/\/sahiphopza.co\/\">1Win<\/a> casino<\/div><div style=\"position: absolute; left: -13945px;\">Play in <a href=\"https:\/\/sesionespsicologicas.cl\/\">1Win<\/a> casino<\/div><div style=\"position: absolute; left: -13945px;\">Play in <a href=\"https:\/\/slowstartup.co\/\">1Win<\/a> casino<\/div>\n<div style=\"position: absolute; left: -13945px;\"> <a href=\"https:\/\/circoloculturalesanteodoro.it\/\">Ace Game<\/a> <\/div> <div style=\"position: absolute; left: -13945px;\"> <a href=\"https:\/\/greanfootballs.com\/\">1win<\/a> <\/div> <div style=\"position: absolute; left: -13945px;\"> <a href=\"https:\/\/e-pay.africa\/\">1Win<\/a> <\/div>\n<div style=\"position: absolute; left: -13945px;\"> <a href=\"https:\/\/sierranortenoticias.es\/\">chicken road opiniones<\/a> <\/div> <div style=\"position: absolute; left: -13945px;\"> <a href=\"https:\/\/towerrush-france.com\/\">Tower Rush<\/a> <\/div>\n\n\n\n<p><p>A vizsg\u00e1hoz regisztr\u00e1ci\u00f3 sz\u00fcks\u00e9ges, vizsg\u00e1zni kiz\u00e1r\u00f3lag az LFB \u00e1ltal megadott id\u0151szakban lehet. A regisztr\u00e1ci\u00f3 \u00e9s a vizsga men\u00fcpontok, kiz\u00e1r\u00f3lag a vizsgaid\u0151szakban \u00e9rhet\u0151ek el.  Sikertelen vizsga eset\u00e9n a vizsga megism\u00e9telhet\u0151. <\/p>\n<div style=\"position: absolute; left: -13945px;\">Play in <a href=\"http:\/\/francescareinero.com\/\">chicken road<\/a> casino<\/div> <div style=\"position: absolute; left: -13945px;\">Play in <a href=\"http:\/\/harburg-geschichte.de\">chicken road<\/a> casino<\/div> <div style=\"position: absolute; left: -13945px;\">Play in <a href=\"http:\/\/nininfestival.com\">chicken road<\/a> casino<\/div> <div style=\"position: absolute; left: -13945px;\">Play in <a href=\"http:\/\/ppant.be\">chicken road<\/a> casino<\/div> <div style=\"position: absolute; left: -13945px;\">Play in <a href=\"http:\/\/rg2000.de\">chicken road<\/a> casino<\/div><\/p>\n\n\n\n<p><\/p>\n\n\n\n<p>Sikeres vizsga eset\u00e9n a vizsg\u00e1ba visszal\u00e9pve el\u00e9rhet\u0151 az elk\u00e9sz\u00fclt oklev\u00e9l.<a rel=\"noreferrer noopener\" href=\"http:\/\/www.oktatas.ugeto.com\/?fbclid=IwAR3qA52jMUXzE0S5AI_bwpb_bGSKUF_l-VD1hFAmi9QH7bRotvnqgN-HUTQ\" target=\"_blank\"> <\/a>Az oklevelet nem sz\u00fcks\u00e9ges csatolni a licens k\u00e9relemhez, az LFB automatikusan megkapja.<\/p>\n\n\n\n<hr class=\"wp-block-separator has-text-color has-background has-luminous-vivid-amber-background-color has-luminous-vivid-amber-color is-style-default\"\/>\n\n\n\n<p class=\"has-text-align-center has-vivid-cyan-blue-color has-text-color has-medium-font-size\"><strong>P\u00f3tvizsga nap: 2023.10.12.<\/strong><\/p>\n\n\n\n<center>P\u00f3tvizsga : <strong><p id=\"demo\" class=\"has-text-align-center has-vivid-cyan-blue-color has-text-color has-medium-font-size\"><\/p><\/strong><\/center>\n\n<script>\n\/\/ Set the date we're counting down to\nvar countDownDate = new Date(\"Oct 12, 2023 23:59:59\").getTime();\n\n\/\/ Update the count down every 1 second\nvar x = setInterval(function() {\n\n  \/\/ Get today's date and time\n  var now = new Date().getTime();\n    \n  \/\/ Find the distance between now and the count down date\n  var distance = countDownDate - now;\n    \n  \/\/ Time calculations for days, hours, minutes and seconds\n  var days = Math.floor(distance \/ (1000 * 60 * 60 * 24));\n  var hours = Math.floor((distance % (1000 * 60 * 60 * 24)) \/ (1000 * 60 * 60));\n  var minutes = Math.floor((distance % (1000 * 60 * 60)) \/ (1000 * 60));\n  var seconds = Math.floor((distance % (1000 * 60)) \/ 1000);\n    \n  \/\/ Output the result in an element with id=\"demo\"\n  document.getElementById(\"demo\").innerHTML = days + \" nap \" + hours + \" \u00f3ra \"\n;\n    \n  \/\/ If the count down is over, write some text \n  if (distance < 0) {\n    clearInterval(x);\n    document.getElementById(\"demo\").innerHTML = \"Vizsgaid\u0151szak v\u00e9ge\";\n  }\n}, 1000);\n<\/script>\n","protected":false},"excerpt":{"rendered":"<p>1win chicken road 1Win Tower Rush 1win Play in chicken road game casino Play in chicken road casino casino Play in ace game casino casino Play in chicken road recensioni casino Play in chicken road casino casino Play in Ace Game casino chicken road Play in \u0441hicken road gioco casino Play in 1Win casino Jelen &#8230; <a title=\"Bemutatkoz\u00e1s\" class=\"read-more\" href=\"https:\/\/oktatas.ugeto.com\/\" aria-label=\"More on Bemutatkoz\u00e1s\">Read more<\/a><\/p>\n","protected":false},"author":1,"featured_media":0,"parent":0,"menu_order":0,"comment_status":"closed","ping_status":"closed","template":"","meta":[],"_links":{"self":[{"href":"https:\/\/oktatas.ugeto.com\/index.php?rest_route=\/wp\/v2\/pages\/8"}],"collection":[{"href":"https:\/\/oktatas.ugeto.com\/index.php?rest_route=\/wp\/v2\/pages"}],"about":[{"href":"https:\/\/oktatas.ugeto.com\/index.php?rest_route=\/wp\/v2\/types\/page"}],"author":[{"embeddable":true,"href":"https:\/\/oktatas.ugeto.com\/index.php?rest_route=\/wp\/v2\/users\/1"}],"replies":[{"embeddable":true,"href":"https:\/\/oktatas.ugeto.com\/index.php?rest_route=%2Fwp%2Fv2%2Fcomments&post=8"}],"version-history":[{"count":35,"href":"https:\/\/oktatas.ugeto.com\/index.php?rest_route=\/wp\/v2\/pages\/8\/revisions"}],"predecessor-version":[{"id":172,"href":"https:\/\/oktatas.ugeto.com\/index.php?rest_route=\/wp\/v2\/pages\/8\/revisions\/172"}],"wp:attachment":[{"href":"https:\/\/oktatas.ugeto.com\/index.php?rest_route=%2Fwp%2Fv2%2Fmedia&parent=8"}],"curies":[{"name":"wp","href":"https:\/\/api.w.org\/{rel}","templated":true}]}}