
{"id":12,"date":"2022-11-22T18:47:59","date_gmt":"2022-11-22T18:47:59","guid":{"rendered":"http:\/\/oktatas.ugeto.com\/?page_id=12"},"modified":"2023-03-16T14:22:26","modified_gmt":"2023-03-16T14:22:26","slug":"oktatasi-anyagok","status":"publish","type":"page","link":"https:\/\/oktatas.ugeto.com\/?page_id=12","title":{"rendered":"Oktat\u00e1si anyagok"},"content":{"rendered":"\n<p><font _mstmutation=\"1\"><\/font><\/p>\n\n\n\n<hr class=\"wp-block-separator has-text-color has-background has-vivid-cyan-blue-background-color has-vivid-cyan-blue-color\"\/>\n\n\n\n<ul><li><a rel=\"noreferrer noopener\" href=\"https:\/\/kincsempark.hu\/wp-content\/uploads\/2023\/03\/MUSZ_2023_korr.pdf\" target=\"_blank\">Magyar \u00dcget\u0151verseny Szab\u00e1lyzat<\/a><\/li><li><a rel=\"noreferrer noopener\" href=\"https:\/\/kincsempark.hu\/wp-content\/uploads\/2023\/03\/ALTALANOS-HATAROZATOK_2023_jav_20230302.pdf\" target=\"_blank\">\u00c1ltal\u00e1nos Hat\u00e1rozatok 2023.<\/a><\/li><li><a rel=\"noreferrer noopener\" href=\"https:\/\/kincsempark.hu\/wp-content\/uploads\/2023\/02\/2023_bunti_tabla.pdf\" target=\"_blank\">B\u00fcntet\u00e9si T\u00e1bl\u00e1zat 2023.<\/a><\/li><li><a rel=\"noreferrer noopener\" href=\"https:\/\/kincsempark.hu\/wp-content\/uploads\/2023\/02\/dopszab_ugeto_2023_jav_2.pdf\" target=\"_blank\">Doppingszab\u00e1lyzat<\/a><\/li><\/ul>\n\n\n\n<ul><li><a rel=\"noreferrer noopener\" href=\"https:\/\/oktatas.ugeto.com\/wp-content\/uploads\/2023\/03\/takarmany.pptx\" target=\"_blank\">dr. Kutasi Orsolya -Takarm\u00e1nyszennyez\u0151d\u00e9s el\u0151ad\u00e1s<\/a><\/li><li><a rel=\"noreferrer noopener\" href=\"https:\/\/oktatas.ugeto.com\/wp-content\/uploads\/2023\/03\/eloadas.pdf\" target=\"_blank\">dr. Tuska P\u00e1l &#8211; Dopping el\u0151ad\u00e1s<\/a><\/li><\/ul>\n\n\n\n<hr class=\"wp-block-separator has-text-color has-background has-luminous-vivid-amber-background-color has-luminous-vivid-amber-color\"\/>\n\n\n\n<p><font _mstmutation=\"1\"><\/font><\/p>\n","protected":false},"excerpt":{"rendered":"<p>Magyar \u00dcget\u0151verseny Szab\u00e1lyzat \u00c1ltal\u00e1nos Hat\u00e1rozatok 2023. B\u00fcntet\u00e9si T\u00e1bl\u00e1zat 2023. Doppingszab\u00e1lyzat dr. Kutasi Orsolya -Takarm\u00e1nyszennyez\u0151d\u00e9s el\u0151ad\u00e1s dr. Tuska P\u00e1l &#8211; Dopping el\u0151ad\u00e1s<\/p>\n","protected":false},"author":1,"featured_media":0,"parent":0,"menu_order":0,"comment_status":"closed","ping_status":"closed","template":"","meta":[],"_links":{"self":[{"href":"https:\/\/oktatas.ugeto.com\/index.php?rest_route=\/wp\/v2\/pages\/12"}],"collection":[{"href":"https:\/\/oktatas.ugeto.com\/index.php?rest_route=\/wp\/v2\/pages"}],"about":[{"href":"https:\/\/oktatas.ugeto.com\/index.php?rest_route=\/wp\/v2\/types\/page"}],"author":[{"embeddable":true,"href":"https:\/\/oktatas.ugeto.com\/index.php?rest_route=\/wp\/v2\/users\/1"}],"replies":[{"embeddable":true,"href":"https:\/\/oktatas.ugeto.com\/index.php?rest_route=%2Fwp%2Fv2%2Fcomments&post=12"}],"version-history":[{"count":20,"href":"https:\/\/oktatas.ugeto.com\/index.php?rest_route=\/wp\/v2\/pages\/12\/revisions"}],"predecessor-version":[{"id":104,"href":"https:\/\/oktatas.ugeto.com\/index.php?rest_route=\/wp\/v2\/pages\/12\/revisions\/104"}],"wp:attachment":[{"href":"https:\/\/oktatas.ugeto.com\/index.php?rest_route=%2Fwp%2Fv2%2Fmedia&parent=12"}],"curies":[{"name":"wp","href":"https:\/\/api.w.org\/{rel}","templated":true}]}}